{"id":60,"date":"2024-06-20T10:50:22","date_gmt":"2024-06-20T08:50:22","guid":{"rendered":"https:\/\/prefia-environnement.fr\/?page_id=60"},"modified":"2024-06-21T16:37:44","modified_gmt":"2024-06-21T14:37:44","slug":"nos-solutions","status":"publish","type":"page","link":"https:\/\/prefia-environnement.fr\/index.php\/nos-solutions\/","title":{"rendered":"Nos solutions"},"content":{"rendered":"\t\t<div data-elementor-type=\"wp-page\" data-elementor-id=\"60\" class=\"elementor elementor-60\">\n\t\t\t\t<div class=\"elementor-element elementor-element-8f68b6d e-flex e-con-boxed e-con e-parent\" data-id=\"8f68b6d\" data-element_type=\"container\">\n\t\t\t\t\t<div class=\"e-con-inner\">\n\t\t<div class=\"elementor-element elementor-element-922cdb1 e-con-full e-flex e-con e-child\" data-id=\"922cdb1\" data-element_type=\"container\">\n\t\t\t\t<div class=\"elementor-element elementor-element-8825e9c elementor-widget elementor-widget-image\" data-id=\"8825e9c\" data-element_type=\"widget\" data-widget_type=\"image.default\">\n\t\t\t\t<div class=\"elementor-widget-container\">\n\t\t\t<style>\/*! elementor - v3.21.0 - 26-05-2024 *\/\n.elementor-widget-image{text-align:center}.elementor-widget-image a{display:inline-block}.elementor-widget-image a img[src$=\".svg\"]{width:48px}.elementor-widget-image img{vertical-align:middle;display:inline-block}<\/style>\t\t\t\t\t\t\t\t\t\t\t<a href=\"https:\/\/prefia-environnement.fr\/index.php\/s-1\/\">\n\t\t\t\t\t\t\t<img fetchpriority=\"high\" decoding=\"async\" width=\"683\" height=\"1024\" src=\"https:\/\/prefia-environnement.fr\/wp-content\/uploads\/2024\/06\/y5bvrlccx8k-683x1024.jpg\" class=\"attachment-large size-large wp-image-170\" alt=\"person in black long sleeve shirt holding persons hand\" srcset=\"https:\/\/prefia-environnement.fr\/wp-content\/uploads\/2024\/06\/y5bvrlccx8k-683x1024.jpg 683w, https:\/\/prefia-environnement.fr\/wp-content\/uploads\/2024\/06\/y5bvrlccx8k-200x300.jpg 200w, https:\/\/prefia-environnement.fr\/wp-content\/uploads\/2024\/06\/y5bvrlccx8k-768x1152.jpg 768w, https:\/\/prefia-environnement.fr\/wp-content\/uploads\/2024\/06\/y5bvrlccx8k.jpg 800w\" sizes=\"(max-width: 683px) 100vw, 683px\" \/>\t\t\t\t\t\t\t\t<\/a>\n\t\t\t\t\t\t\t\t\t\t\t\t\t<\/div>\n\t\t\t\t<\/div>\n\t\t\t\t<div class=\"elementor-element elementor-element-a19e0ee elementor-widget elementor-widget-heading\" data-id=\"a19e0ee\" data-element_type=\"widget\" data-widget_type=\"heading.default\">\n\t\t\t\t<div class=\"elementor-widget-container\">\n\t\t\t<style>\/*! elementor - v3.21.0 - 26-05-2024 *\/\n.elementor-heading-title{padding:0;margin:0;line-height:1}.elementor-widget-heading .elementor-heading-title[class*=elementor-size-]>a{color:inherit;font-size:inherit;line-height:inherit}.elementor-widget-heading .elementor-heading-title.elementor-size-small{font-size:15px}.elementor-widget-heading .elementor-heading-title.elementor-size-medium{font-size:19px}.elementor-widget-heading .elementor-heading-title.elementor-size-large{font-size:29px}.elementor-widget-heading .elementor-heading-title.elementor-size-xl{font-size:39px}.elementor-widget-heading .elementor-heading-title.elementor-size-xxl{font-size:59px}<\/style><h2 class=\"elementor-heading-title elementor-size-default\">Responsabilit\u00e9 civile\n\n<\/h2>\t\t<\/div>\n\t\t\t\t<\/div>\n\t\t\t\t<div class=\"elementor-element elementor-element-bc3618c elementor-widget elementor-widget-text-editor\" data-id=\"bc3618c\" data-element_type=\"widget\" data-widget_type=\"text-editor.default\">\n\t\t\t\t<div class=\"elementor-widget-container\">\n\t\t\t<style>\/*! elementor - v3.21.0 - 26-05-2024 *\/\n.elementor-widget-text-editor.elementor-drop-cap-view-stacked .elementor-drop-cap{background-color:#69727d;color:#fff}.elementor-widget-text-editor.elementor-drop-cap-view-framed .elementor-drop-cap{color:#69727d;border:3px solid;background-color:transparent}.elementor-widget-text-editor:not(.elementor-drop-cap-view-default) .elementor-drop-cap{margin-top:8px}.elementor-widget-text-editor:not(.elementor-drop-cap-view-default) .elementor-drop-cap-letter{width:1em;height:1em}.elementor-widget-text-editor .elementor-drop-cap{float:left;text-align:center;line-height:1;font-size:50px}.elementor-widget-text-editor .elementor-drop-cap-letter{display:inline-block}<\/style>\t\t\t\t<p class=\"body\" dir=\"auto\" data-pm-slice=\"1 1 []\">Prendre en charge les dommages mat\u00e9riels, corporels et immat\u00e9riels caus\u00e9s aux clients, aux tiers et aux salari\u00e9s, pour que vous puissiez d\u00e9velopper sereinement vos activit\u00e9s.<\/p>\t\t\t\t\t\t<\/div>\n\t\t\t\t<\/div>\n\t\t\t\t<div class=\"elementor-element elementor-element-e13e870 elementor-widget elementor-widget-button\" data-id=\"e13e870\" data-element_type=\"widget\" data-widget_type=\"button.default\">\n\t\t\t\t<div class=\"elementor-widget-container\">\n\t\t\t\t\t<div class=\"elementor-button-wrapper\">\n\t\t\t<a class=\"elementor-button elementor-button-link elementor-size-sm\" href=\"https:\/\/prefia-environnement.fr\/index.php\/s-1\/\">\n\t\t\t\t\t\t<span class=\"elementor-button-content-wrapper\">\n\t\t\t\t\t\t\t\t\t<span class=\"elementor-button-text\">En savoir +<\/span>\n\t\t\t\t\t<\/span>\n\t\t\t\t\t<\/a>\n\t\t<\/div>\n\t\t\t\t<\/div>\n\t\t\t\t<\/div>\n\t\t\t\t<\/div>\n\t\t<div class=\"elementor-element elementor-element-fa96e35 e-con-full e-flex e-con e-child\" data-id=\"fa96e35\" data-element_type=\"container\">\n\t\t\t\t<div class=\"elementor-element elementor-element-766653f elementor-widget elementor-widget-image\" data-id=\"766653f\" data-element_type=\"widget\" data-widget_type=\"image.default\">\n\t\t\t\t<div class=\"elementor-widget-container\">\n\t\t\t\t\t\t\t\t\t\t\t\t\t\t<a href=\"https:\/\/prefia-environnement.fr\/index.php\/s2\/\">\n\t\t\t\t\t\t\t<img decoding=\"async\" width=\"1024\" height=\"693\" src=\"https:\/\/prefia-environnement.fr\/wp-content\/uploads\/2024\/06\/0gbrjl3vzf4-1024x693.jpg\" class=\"attachment-large size-large wp-image-172\" alt=\"black and white solar panels\" srcset=\"https:\/\/prefia-environnement.fr\/wp-content\/uploads\/2024\/06\/0gbrjl3vzf4-1024x693.jpg 1024w, https:\/\/prefia-environnement.fr\/wp-content\/uploads\/2024\/06\/0gbrjl3vzf4-300x203.jpg 300w, https:\/\/prefia-environnement.fr\/wp-content\/uploads\/2024\/06\/0gbrjl3vzf4-768x520.jpg 768w, https:\/\/prefia-environnement.fr\/wp-content\/uploads\/2024\/06\/0gbrjl3vzf4-1536x1040.jpg 1536w, https:\/\/prefia-environnement.fr\/wp-content\/uploads\/2024\/06\/0gbrjl3vzf4.jpg 1600w\" sizes=\"(max-width: 1024px) 100vw, 1024px\" \/>\t\t\t\t\t\t\t\t<\/a>\n\t\t\t\t\t\t\t\t\t\t\t\t\t<\/div>\n\t\t\t\t<\/div>\n\t\t\t\t<div class=\"elementor-element elementor-element-a7e92b1 elementor-widget elementor-widget-heading\" data-id=\"a7e92b1\" data-element_type=\"widget\" data-widget_type=\"heading.default\">\n\t\t\t\t<div class=\"elementor-widget-container\">\n\t\t\t<h2 class=\"elementor-heading-title elementor-size-default\">Panneaux photovolta\u00efques<\/h2>\t\t<\/div>\n\t\t\t\t<\/div>\n\t\t\t\t<div class=\"elementor-element elementor-element-343cd92 elementor-widget elementor-widget-text-editor\" data-id=\"343cd92\" data-element_type=\"widget\" data-widget_type=\"text-editor.default\">\n\t\t\t\t<div class=\"elementor-widget-container\">\n\t\t\t\t\t\t\t<p class=\"body\" dir=\"auto\" data-pm-slice=\"1 1 []\">Couvrir tous les dommages caus\u00e9s \u00e0 votre installation photovolta\u00efque et les pertes de recettes cons\u00e9cutives.<\/p>\t\t\t\t\t\t<\/div>\n\t\t\t\t<\/div>\n\t\t\t\t<div class=\"elementor-element elementor-element-f905012 elementor-widget elementor-widget-button\" data-id=\"f905012\" data-element_type=\"widget\" data-widget_type=\"button.default\">\n\t\t\t\t<div class=\"elementor-widget-container\">\n\t\t\t\t\t<div class=\"elementor-button-wrapper\">\n\t\t\t<a class=\"elementor-button elementor-button-link elementor-size-sm\" href=\"https:\/\/prefia-environnement.fr\/index.php\/s2\/\">\n\t\t\t\t\t\t<span class=\"elementor-button-content-wrapper\">\n\t\t\t\t\t\t\t\t\t<span class=\"elementor-button-text\">En savoir +<\/span>\n\t\t\t\t\t<\/span>\n\t\t\t\t\t<\/a>\n\t\t<\/div>\n\t\t\t\t<\/div>\n\t\t\t\t<\/div>\n\t\t\t\t<\/div>\n\t\t<div class=\"elementor-element elementor-element-5285fb7 e-con-full e-flex e-con e-child\" data-id=\"5285fb7\" data-element_type=\"container\">\n\t\t\t\t<div class=\"elementor-element elementor-element-4a52524 elementor-widget elementor-widget-image\" data-id=\"4a52524\" data-element_type=\"widget\" data-widget_type=\"image.default\">\n\t\t\t\t<div class=\"elementor-widget-container\">\n\t\t\t\t\t\t\t\t\t\t\t\t\t\t<a href=\"https:\/\/prefia-environnement.fr\/index.php\/s3\/\">\n\t\t\t\t\t\t\t<img decoding=\"async\" width=\"1024\" height=\"682\" src=\"https:\/\/prefia-environnement.fr\/wp-content\/uploads\/2024\/06\/4382651-1024x682.jpg\" class=\"attachment-large size-large wp-image-174\" alt=\"carsharing, electric car, automobile\" srcset=\"https:\/\/prefia-environnement.fr\/wp-content\/uploads\/2024\/06\/4382651-1024x682.jpg 1024w, https:\/\/prefia-environnement.fr\/wp-content\/uploads\/2024\/06\/4382651-300x200.jpg 300w, https:\/\/prefia-environnement.fr\/wp-content\/uploads\/2024\/06\/4382651-768x512.jpg 768w, https:\/\/prefia-environnement.fr\/wp-content\/uploads\/2024\/06\/4382651.jpg 1280w\" sizes=\"(max-width: 1024px) 100vw, 1024px\" \/>\t\t\t\t\t\t\t\t<\/a>\n\t\t\t\t\t\t\t\t\t\t\t\t\t<\/div>\n\t\t\t\t<\/div>\n\t\t\t\t<div class=\"elementor-element elementor-element-b39f376 elementor-widget elementor-widget-heading\" data-id=\"b39f376\" data-element_type=\"widget\" data-widget_type=\"heading.default\">\n\t\t\t\t<div class=\"elementor-widget-container\">\n\t\t\t<h2 class=\"elementor-heading-title elementor-size-default\">Bornes \u00e9lectriques<\/h2>\t\t<\/div>\n\t\t\t\t<\/div>\n\t\t\t\t<div class=\"elementor-element elementor-element-56f8a3a elementor-widget elementor-widget-text-editor\" data-id=\"56f8a3a\" data-element_type=\"widget\" data-widget_type=\"text-editor.default\">\n\t\t\t\t<div class=\"elementor-widget-container\">\n\t\t\t\t\t\t\t<p class=\"body\" dir=\"auto\" data-pm-slice=\"1 1 []\">Prendre en charge tous les dommages caus\u00e9s \u00e0 vos bornes de recharge \u00e9lectriques, ainsi qu&rsquo;\u00e0 celles install\u00e9es chez vos clients.<\/p>\t\t\t\t\t\t<\/div>\n\t\t\t\t<\/div>\n\t\t\t\t<div class=\"elementor-element elementor-element-2fc89b4 elementor-widget elementor-widget-button\" data-id=\"2fc89b4\" data-element_type=\"widget\" data-widget_type=\"button.default\">\n\t\t\t\t<div class=\"elementor-widget-container\">\n\t\t\t\t\t<div class=\"elementor-button-wrapper\">\n\t\t\t<a class=\"elementor-button elementor-button-link elementor-size-sm\" href=\"https:\/\/prefia-environnement.fr\/index.php\/s3\/\">\n\t\t\t\t\t\t<span class=\"elementor-button-content-wrapper\">\n\t\t\t\t\t\t\t\t\t<span class=\"elementor-button-text\">En savoir +<\/span>\n\t\t\t\t\t<\/span>\n\t\t\t\t\t<\/a>\n\t\t<\/div>\n\t\t\t\t<\/div>\n\t\t\t\t<\/div>\n\t\t\t\t<\/div>\n\t\t<div class=\"elementor-element elementor-element-fdd0dc4 e-con-full e-flex e-con e-child\" data-id=\"fdd0dc4\" data-element_type=\"container\">\n\t\t\t\t<div class=\"elementor-element elementor-element-077c2b4 elementor-widget elementor-widget-image\" data-id=\"077c2b4\" data-element_type=\"widget\" data-widget_type=\"image.default\">\n\t\t\t\t<div class=\"elementor-widget-container\">\n\t\t\t\t\t\t\t\t\t\t\t\t\t\t<a href=\"https:\/\/prefia-environnement.fr\/index.php\/s4\/\">\n\t\t\t\t\t\t\t<img loading=\"lazy\" decoding=\"async\" width=\"1024\" height=\"585\" src=\"https:\/\/prefia-environnement.fr\/wp-content\/uploads\/2024\/06\/DALL\u00b7E-2024-06-21-09.12.55-A-clear-blue-sea-with-a-pipe-discharging-brown-liquid-pollution-into-the-water.-The-brown-polluted-water-contrasts-starkly-with-the-surrounding-blue-s-1024x585.webp\" class=\"attachment-large size-large wp-image-208\" alt=\"\" srcset=\"https:\/\/prefia-environnement.fr\/wp-content\/uploads\/2024\/06\/DALL\u00b7E-2024-06-21-09.12.55-A-clear-blue-sea-with-a-pipe-discharging-brown-liquid-pollution-into-the-water.-The-brown-polluted-water-contrasts-starkly-with-the-surrounding-blue-s-1024x585.webp 1024w, https:\/\/prefia-environnement.fr\/wp-content\/uploads\/2024\/06\/DALL\u00b7E-2024-06-21-09.12.55-A-clear-blue-sea-with-a-pipe-discharging-brown-liquid-pollution-into-the-water.-The-brown-polluted-water-contrasts-starkly-with-the-surrounding-blue-s-300x171.webp 300w, https:\/\/prefia-environnement.fr\/wp-content\/uploads\/2024\/06\/DALL\u00b7E-2024-06-21-09.12.55-A-clear-blue-sea-with-a-pipe-discharging-brown-liquid-pollution-into-the-water.-The-brown-polluted-water-contrasts-starkly-with-the-surrounding-blue-s-768x439.webp 768w, https:\/\/prefia-environnement.fr\/wp-content\/uploads\/2024\/06\/DALL\u00b7E-2024-06-21-09.12.55-A-clear-blue-sea-with-a-pipe-discharging-brown-liquid-pollution-into-the-water.-The-brown-polluted-water-contrasts-starkly-with-the-surrounding-blue-s-1536x878.webp 1536w, https:\/\/prefia-environnement.fr\/wp-content\/uploads\/2024\/06\/DALL\u00b7E-2024-06-21-09.12.55-A-clear-blue-sea-with-a-pipe-discharging-brown-liquid-pollution-into-the-water.-The-brown-polluted-water-contrasts-starkly-with-the-surrounding-blue-s.webp 1792w\" sizes=\"(max-width: 1024px) 100vw, 1024px\" \/>\t\t\t\t\t\t\t\t<\/a>\n\t\t\t\t\t\t\t\t\t\t\t\t\t<\/div>\n\t\t\t\t<\/div>\n\t\t\t\t<div class=\"elementor-element elementor-element-a497c30 elementor-widget elementor-widget-heading\" data-id=\"a497c30\" data-element_type=\"widget\" data-widget_type=\"heading.default\">\n\t\t\t\t<div class=\"elementor-widget-container\">\n\t\t\t<h2 class=\"elementor-heading-title elementor-size-default\">Installation industrielle<\/h2>\t\t<\/div>\n\t\t\t\t<\/div>\n\t\t\t\t<div class=\"elementor-element elementor-element-8027c25 elementor-widget elementor-widget-text-editor\" data-id=\"8027c25\" data-element_type=\"widget\" data-widget_type=\"text-editor.default\">\n\t\t\t\t<div class=\"elementor-widget-container\">\n\t\t\t\t\t\t\t<p class=\"body\" dir=\"auto\" data-pm-slice=\"1 1 []\">Couvrir les dommages caus\u00e9s \u00e0 votre installation de production d&rsquo;\u00e9nergie renouvelable ou de traitement des d\u00e9chets.<\/p>\t\t\t\t\t\t<\/div>\n\t\t\t\t<\/div>\n\t\t\t\t<div class=\"elementor-element elementor-element-530b209 elementor-widget elementor-widget-button\" data-id=\"530b209\" data-element_type=\"widget\" data-widget_type=\"button.default\">\n\t\t\t\t<div class=\"elementor-widget-container\">\n\t\t\t\t\t<div class=\"elementor-button-wrapper\">\n\t\t\t<a class=\"elementor-button elementor-button-link elementor-size-sm\" href=\"https:\/\/prefia-environnement.fr\/index.php\/s4\/\">\n\t\t\t\t\t\t<span class=\"elementor-button-content-wrapper\">\n\t\t\t\t\t\t\t\t\t<span class=\"elementor-button-text\">En savoir +<\/span>\n\t\t\t\t\t<\/span>\n\t\t\t\t\t<\/a>\n\t\t<\/div>\n\t\t\t\t<\/div>\n\t\t\t\t<\/div>\n\t\t\t\t<\/div>\n\t\t<div class=\"elementor-element elementor-element-02f23fb e-con-full e-flex e-con e-child\" data-id=\"02f23fb\" data-element_type=\"container\">\n\t\t\t\t<div class=\"elementor-element elementor-element-2c3e0f9 elementor-widget elementor-widget-image\" data-id=\"2c3e0f9\" data-element_type=\"widget\" data-widget_type=\"image.default\">\n\t\t\t\t<div class=\"elementor-widget-container\">\n\t\t\t\t\t\t\t\t\t\t\t\t\t\t<a href=\"https:\/\/prefia-environnement.fr\/index.php\/s5\/\">\n\t\t\t\t\t\t\t<img loading=\"lazy\" decoding=\"async\" width=\"1024\" height=\"1024\" src=\"https:\/\/prefia-environnement.fr\/wp-content\/uploads\/2024\/06\/DALL\u00b7E-2024-06-21-09.10.09-A-photo-of-an-industrial-company-in-operation-showing-its-impact-on-the-environment.-The-facility-has-modern-buildings-and-chimneys-emitting-smoke.-S.webp\" class=\"attachment-full size-full wp-image-207\" alt=\"\" srcset=\"https:\/\/prefia-environnement.fr\/wp-content\/uploads\/2024\/06\/DALL\u00b7E-2024-06-21-09.10.09-A-photo-of-an-industrial-company-in-operation-showing-its-impact-on-the-environment.-The-facility-has-modern-buildings-and-chimneys-emitting-smoke.-S.webp 1024w, https:\/\/prefia-environnement.fr\/wp-content\/uploads\/2024\/06\/DALL\u00b7E-2024-06-21-09.10.09-A-photo-of-an-industrial-company-in-operation-showing-its-impact-on-the-environment.-The-facility-has-modern-buildings-and-chimneys-emitting-smoke.-S-300x300.webp 300w, https:\/\/prefia-environnement.fr\/wp-content\/uploads\/2024\/06\/DALL\u00b7E-2024-06-21-09.10.09-A-photo-of-an-industrial-company-in-operation-showing-its-impact-on-the-environment.-The-facility-has-modern-buildings-and-chimneys-emitting-smoke.-S-150x150.webp 150w, https:\/\/prefia-environnement.fr\/wp-content\/uploads\/2024\/06\/DALL\u00b7E-2024-06-21-09.10.09-A-photo-of-an-industrial-company-in-operation-showing-its-impact-on-the-environment.-The-facility-has-modern-buildings-and-chimneys-emitting-smoke.-S-768x768.webp 768w\" sizes=\"(max-width: 1024px) 100vw, 1024px\" \/>\t\t\t\t\t\t\t\t<\/a>\n\t\t\t\t\t\t\t\t\t\t\t\t\t<\/div>\n\t\t\t\t<\/div>\n\t\t\t\t<div class=\"elementor-element elementor-element-c30db9f elementor-widget elementor-widget-heading\" data-id=\"c30db9f\" data-element_type=\"widget\" data-widget_type=\"heading.default\">\n\t\t\t\t<div class=\"elementor-widget-container\">\n\t\t\t<h2 class=\"elementor-heading-title elementor-size-default\">Garantie financi\u00e8re ICPE<\/h2>\t\t<\/div>\n\t\t\t\t<\/div>\n\t\t\t\t<div class=\"elementor-element elementor-element-af4c76f elementor-widget elementor-widget-text-editor\" data-id=\"af4c76f\" data-element_type=\"widget\" data-widget_type=\"text-editor.default\">\n\t\t\t\t<div class=\"elementor-widget-container\">\n\t\t\t\t\t\t\t<p class=\"body\" dir=\"auto\" data-pm-slice=\"1 1 []\">Prendre en charge la surveillance et la remise en \u00e9tat d&rsquo;un site industriel class\u00e9 ICPE apr\u00e8s la fin de son activit\u00e9.<\/p>\t\t\t\t\t\t<\/div>\n\t\t\t\t<\/div>\n\t\t\t\t<div class=\"elementor-element elementor-element-de1234d elementor-widget elementor-widget-button\" data-id=\"de1234d\" data-element_type=\"widget\" data-widget_type=\"button.default\">\n\t\t\t\t<div class=\"elementor-widget-container\">\n\t\t\t\t\t<div class=\"elementor-button-wrapper\">\n\t\t\t<a class=\"elementor-button elementor-button-link elementor-size-sm\" href=\"https:\/\/prefia-environnement.fr\/index.php\/s5\/\">\n\t\t\t\t\t\t<span class=\"elementor-button-content-wrapper\">\n\t\t\t\t\t\t\t\t\t<span class=\"elementor-button-text\">En savoir +<\/span>\n\t\t\t\t\t<\/span>\n\t\t\t\t\t<\/a>\n\t\t<\/div>\n\t\t\t\t<\/div>\n\t\t\t\t<\/div>\n\t\t\t\t<\/div>\n\t\t\t\t\t<\/div>\n\t\t\t\t<\/div>\n\t\t\t\t<\/div>\n\t\t","protected":false},"excerpt":{"rendered":"<p>Responsabilit\u00e9 civile Prendre en charge les dommages mat\u00e9riels, corporels et immat\u00e9riels caus\u00e9s aux clients, aux tiers et aux salari\u00e9s, pour [&hellip;]<\/p>\n","protected":false},"author":1,"featured_media":0,"parent":0,"menu_order":0,"comment_status":"closed","ping_status":"closed","template":"","meta":{"site-sidebar-layout":"no-sidebar","site-content-layout":"","ast-site-content-layout":"full-width-container","site-content-style":"default","site-sidebar-style":"default","ast-global-header-display":"","ast-banner-title-visibility":"","ast-main-header-display":"","ast-hfb-above-header-display":"","ast-hfb-below-header-display":"","ast-hfb-mobile-header-display":"","site-post-title":"disabled","ast-breadcrumbs-content":"","ast-featured-img":"disabled","footer-sml-layout":"","theme-transparent-header-meta":"default","adv-header-id-meta":"","stick-header-meta":"","header-above-stick-meta":"","header-main-stick-meta":"","header-below-stick-meta":"","astra-migrate-meta-layouts":"set","ast-page-background-enabled":"default","ast-page-background-meta":{"desktop":{"background-color":"var(--ast-global-color-4)","background-image":"","background-repeat":"repeat","background-position":"center center","background-size":"auto","background-attachment":"scroll","background-type":"","background-media":"","overlay-type":"","overlay-color":"","overlay-gradient":""},"tablet":{"background-color":"","background-image":"","background-repeat":"repeat","background-position":"center center","background-size":"auto","background-attachment":"scroll","background-type":"","background-media":"","overlay-type":"","overlay-color":"","overlay-gradient":""},"mobile":{"background-color":"","background-image":"","background-repeat":"repeat","background-position":"center center","background-size":"auto","background-attachment":"scroll","background-type":"","background-media":"","overlay-type":"","overlay-color":"","overlay-gradient":""}},"ast-content-background-meta":{"desktop":{"background-color":"var(--ast-global-color-5)","background-image":"","background-repeat":"repeat","background-position":"center center","background-size":"auto","background-attachment":"scroll","background-type":"","background-media":"","overlay-type":"","overlay-color":"","overlay-gradient":""},"tablet":{"background-color":"var(--ast-global-color-5)","background-image":"","background-repeat":"repeat","background-position":"center center","background-size":"auto","background-attachment":"scroll","background-type":"","background-media":"","overlay-type":"","overlay-color":"","overlay-gradient":""},"mobile":{"background-color":"var(--ast-global-color-5)","background-image":"","background-repeat":"repeat","background-position":"center center","background-size":"auto","background-attachment":"scroll","background-type":"","background-media":"","overlay-type":"","overlay-color":"","overlay-gradient":""}},"footnotes":""},"_links":{"self":[{"href":"https:\/\/prefia-environnement.fr\/index.php\/wp-json\/wp\/v2\/pages\/60"}],"collection":[{"href":"https:\/\/prefia-environnement.fr\/index.php\/wp-json\/wp\/v2\/pages"}],"about":[{"href":"https:\/\/prefia-environnement.fr\/index.php\/wp-json\/wp\/v2\/types\/page"}],"author":[{"embeddable":true,"href":"https:\/\/prefia-environnement.fr\/index.php\/wp-json\/wp\/v2\/users\/1"}],"replies":[{"embeddable":true,"href":"https:\/\/prefia-environnement.fr\/index.php\/wp-json\/wp\/v2\/comments?post=60"}],"version-history":[{"count":28,"href":"https:\/\/prefia-environnement.fr\/index.php\/wp-json\/wp\/v2\/pages\/60\/revisions"}],"predecessor-version":[{"id":316,"href":"https:\/\/prefia-environnement.fr\/index.php\/wp-json\/wp\/v2\/pages\/60\/revisions\/316"}],"wp:attachment":[{"href":"https:\/\/prefia-environnement.fr\/index.php\/wp-json\/wp\/v2\/media?parent=60"}],"curies":[{"name":"wp","href":"https:\/\/api.w.org\/{rel}","templated":true}]}}